{"id":780,"date":"2026-01-14T12:10:41","date_gmt":"2026-01-14T11:10:41","guid":{"rendered":"https:\/\/otsardi.eus\/?page_id=780"},"modified":"2026-01-29T10:42:45","modified_gmt":"2026-01-29T09:42:45","slug":"exposicion-de-instrumentos","status":"publish","type":"page","link":"https:\/\/otsardi.eus\/index.php\/exposicion-de-instrumentos\/","title":{"rendered":"Exposici\u00f3n de instrumentos"},"content":{"rendered":"\t\t<div data-elementor-type=\"wp-page\" data-elementor-id=\"780\" class=\"elementor elementor-780\">\n\t\t\t\t\t\t<section class=\"elementor-section elementor-top-section elementor-element elementor-element-2fedb95 elementor-section-boxed elementor-section-height-default elementor-section-height-default\" data-id=\"2fedb95\" data-element_type=\"section\" data-e-type=\"section\">\n\t\t\t\t\t\t<div class=\"elementor-container elementor-column-gap-default\">\n\t\t\t\t\t<div class=\"elementor-column elementor-col-50 elementor-top-column elementor-element elementor-element-f4a88ea\" data-id=\"f4a88ea\" data-element_type=\"column\" data-e-type=\"column\">\n\t\t\t<div class=\"elementor-widget-wrap elementor-element-populated\">\n\t\t\t\t\t\t<div class=\"elementor-element elementor-element-9b5dbac elementor-widget elementor-widget-image\" data-id=\"9b5dbac\" data-element_type=\"widget\" data-e-type=\"widget\" data-widget_type=\"image.default\">\n\t\t\t\t<div class=\"elementor-widget-container\">\n\t\t\t\t\t\t\t\t\t\t\t\t\t\t\t<img fetchpriority=\"high\" decoding=\"async\" width=\"750\" height=\"563\" src=\"https:\/\/otsardi.eus\/wp-content\/uploads\/2021\/08\/IMG_0488-1024x768.jpg\" class=\"attachment-large size-large wp-image-77\" alt=\"\" srcset=\"https:\/\/otsardi.eus\/wp-content\/uploads\/2021\/08\/IMG_0488-1024x768.jpg 1024w, https:\/\/otsardi.eus\/wp-content\/uploads\/2021\/08\/IMG_0488-300x225.jpg 300w, https:\/\/otsardi.eus\/wp-content\/uploads\/2021\/08\/IMG_0488-768x576.jpg 768w\" sizes=\"(max-width: 750px) 100vw, 750px\" \/>\t\t\t\t\t\t\t\t\t\t\t\t\t\t\t<\/div>\n\t\t\t\t<\/div>\n\t\t\t\t\t<\/div>\n\t\t<\/div>\n\t\t\t\t<div class=\"elementor-column elementor-col-50 elementor-top-column elementor-element elementor-element-49a6cbe\" data-id=\"49a6cbe\" data-element_type=\"column\" data-e-type=\"column\">\n\t\t\t<div class=\"elementor-widget-wrap elementor-element-populated\">\n\t\t\t\t\t\t<div class=\"elementor-element elementor-element-44baf62 elementor-widget elementor-widget-text-editor\" data-id=\"44baf62\" data-element_type=\"widget\" data-e-type=\"widget\" data-widget_type=\"text-editor.default\">\n\t\t\t\t<div class=\"elementor-widget-container\">\n\t\t\t\t\t\t\t\t\t<h1>Exposici\u00f3n de instrumentos<\/h1>\t\t\t\t\t\t\t\t<\/div>\n\t\t\t\t<\/div>\n\t\t\t\t<div class=\"elementor-element elementor-element-1c91689 elementor-widget elementor-widget-text-editor\" data-id=\"1c91689\" data-element_type=\"widget\" data-e-type=\"widget\" data-widget_type=\"text-editor.default\">\n\t\t\t\t<div class=\"elementor-widget-container\">\n\t\t\t\t\t\t\t\t\t<p>En nuestra exposici\u00f3n encontrar\u00e1s todo en&nbsp;instrumentos musicales y podr\u00e1s conocer de primera mano los instrumentos que utilizamos en nuestros talleres y sesiones.<\/p>\n<p>Variedad de instrumentos para todo tipo de necesidades.<\/p>\t\t\t\t\t\t\t\t<\/div>\n\t\t\t\t<\/div>\n\t\t\t\t<div class=\"elementor-element elementor-element-f9b359d elementor-widget elementor-widget-button\" data-id=\"f9b359d\" data-element_type=\"widget\" data-e-type=\"widget\" data-widget_type=\"button.default\">\n\t\t\t\t<div class=\"elementor-widget-container\">\n\t\t\t\t\t\t\t\t\t<div class=\"elementor-button-wrapper\">\n\t\t\t\t\t<a class=\"elementor-button elementor-button-link elementor-size-sm\" href=\"https:\/\/otsardi.eus\/index.php\/inicio\/contacto\/\">\n\t\t\t\t\t\t<span class=\"elementor-button-content-wrapper\">\n\t\t\t\t\t\t\t\t\t<span class=\"elementor-button-text\">Solicita aqu\u00ed m\u00e1s informaci\u00f3n<\/span>\n\t\t\t\t\t<\/span>\n\t\t\t\t\t<\/a>\n\t\t\t\t<\/div>\n\t\t\t\t\t\t\t\t<\/div>\n\t\t\t\t<\/div>\n\t\t\t\t\t<\/div>\n\t\t<\/div>\n\t\t\t\t\t<\/div>\n\t\t<\/section>\n\t\t\t\t<\/div>\n\t\t","protected":false},"excerpt":{"rendered":"<p>Exposici\u00f3n de instrumentos En nuestra exposici\u00f3n encontrar\u00e1s todo en&nbsp;instrumentos musicales y podr\u00e1s conocer de primera mano los instrumentos que utilizamos en nuestros talleres y sesiones. Variedad de instrumentos para todo tipo de necesidades. Solicita aqu\u00ed m\u00e1s informaci\u00f3n<\/p>\n","protected":false},"author":1,"featured_media":0,"parent":0,"menu_order":0,"comment_status":"closed","ping_status":"closed","template":"page-templates\/template-pagebuilder-full-width.php","meta":{"footnotes":""},"class_list":["post-780","page","type-page","status-publish","hentry"],"_links":{"self":[{"href":"https:\/\/otsardi.eus\/index.php\/wp-json\/wp\/v2\/pages\/780","targetHints":{"allow":["GET"]}}],"collection":[{"href":"https:\/\/otsardi.eus\/index.php\/wp-json\/wp\/v2\/pages"}],"about":[{"href":"https:\/\/otsardi.eus\/index.php\/wp-json\/wp\/v2\/types\/page"}],"author":[{"embeddable":true,"href":"https:\/\/otsardi.eus\/index.php\/wp-json\/wp\/v2\/users\/1"}],"replies":[{"embeddable":true,"href":"https:\/\/otsardi.eus\/index.php\/wp-json\/wp\/v2\/comments?post=780"}],"version-history":[{"count":11,"href":"https:\/\/otsardi.eus\/index.php\/wp-json\/wp\/v2\/pages\/780\/revisions"}],"predecessor-version":[{"id":869,"href":"https:\/\/otsardi.eus\/index.php\/wp-json\/wp\/v2\/pages\/780\/revisions\/869"}],"wp:attachment":[{"href":"https:\/\/otsardi.eus\/index.php\/wp-json\/wp\/v2\/media?parent=780"}],"curies":[{"name":"wp","href":"https:\/\/api.w.org\/{rel}","templated":true}]}}