{"id":774,"date":"2026-01-14T12:02:51","date_gmt":"2026-01-14T11:02:51","guid":{"rendered":"https:\/\/otsardi.eus\/?page_id=774"},"modified":"2026-02-10T10:24:04","modified_gmt":"2026-02-10T09:24:04","slug":"musicoterapia","status":"publish","type":"page","link":"https:\/\/otsardi.eus\/index.php\/musicoterapia\/","title":{"rendered":"Musicoterapia"},"content":{"rendered":"\t\t<div data-elementor-type=\"wp-page\" data-elementor-id=\"774\" class=\"elementor elementor-774\">\n\t\t\t\t\t\t<section class=\"elementor-section elementor-top-section elementor-element elementor-element-695700b elementor-section-boxed elementor-section-height-default elementor-section-height-default\" data-id=\"695700b\" data-element_type=\"section\" data-e-type=\"section\">\n\t\t\t\t\t\t<div class=\"elementor-container elementor-column-gap-default\">\n\t\t\t\t\t<div class=\"elementor-column elementor-col-50 elementor-top-column elementor-element elementor-element-9d9f081\" data-id=\"9d9f081\" data-element_type=\"column\" data-e-type=\"column\">\n\t\t\t<div class=\"elementor-widget-wrap elementor-element-populated\">\n\t\t\t\t\t\t<div class=\"elementor-element elementor-element-3bd85ce elementor-widget elementor-widget-image\" data-id=\"3bd85ce\" data-element_type=\"widget\" data-e-type=\"widget\" data-widget_type=\"image.default\">\n\t\t\t\t<div class=\"elementor-widget-container\">\n\t\t\t\t\t\t\t\t\t\t\t\t\t\t\t<img fetchpriority=\"high\" decoding=\"async\" width=\"750\" height=\"500\" src=\"https:\/\/otsardi.eus\/wp-content\/uploads\/2026\/01\/album-1866523_1280-1024x682.jpg\" class=\"attachment-large size-large wp-image-776\" alt=\"\" srcset=\"https:\/\/otsardi.eus\/wp-content\/uploads\/2026\/01\/album-1866523_1280-1024x682.jpg 1024w, https:\/\/otsardi.eus\/wp-content\/uploads\/2026\/01\/album-1866523_1280-300x200.jpg 300w, https:\/\/otsardi.eus\/wp-content\/uploads\/2026\/01\/album-1866523_1280-768x512.jpg 768w, https:\/\/otsardi.eus\/wp-content\/uploads\/2026\/01\/album-1866523_1280-360x240.jpg 360w, https:\/\/otsardi.eus\/wp-content\/uploads\/2026\/01\/album-1866523_1280.jpg 1280w\" sizes=\"(max-width: 750px) 100vw, 750px\" \/>\t\t\t\t\t\t\t\t\t\t\t\t\t\t\t<\/div>\n\t\t\t\t<\/div>\n\t\t\t\t\t<\/div>\n\t\t<\/div>\n\t\t\t\t<div class=\"elementor-column elementor-col-50 elementor-top-column elementor-element elementor-element-a0f5765\" data-id=\"a0f5765\" data-element_type=\"column\" data-e-type=\"column\">\n\t\t\t<div class=\"elementor-widget-wrap elementor-element-populated\">\n\t\t\t\t\t\t<div class=\"elementor-element elementor-element-b694545 elementor-widget elementor-widget-text-editor\" data-id=\"b694545\" data-element_type=\"widget\" data-e-type=\"widget\" data-widget_type=\"text-editor.default\">\n\t\t\t\t<div class=\"elementor-widget-container\">\n\t\t\t\t\t\t\t\t\t<h1><span dir=\"auto\" style=\"vertical-align: inherit;\"><span dir=\"auto\" style=\"vertical-align: inherit;\">Musicoterapia<\/span><\/span><\/h1>\t\t\t\t\t\t\t\t<\/div>\n\t\t\t\t<\/div>\n\t\t\t\t<div class=\"elementor-element elementor-element-7f1ffc3 elementor-widget elementor-widget-text-editor\" data-id=\"7f1ffc3\" data-element_type=\"widget\" data-e-type=\"widget\" data-widget_type=\"text-editor.default\">\n\t\t\t\t<div class=\"elementor-widget-container\">\n\t\t\t\t\t\t\t\t\t<p><span style=\"font-size: inherit;\">La musicoterapia es una disciplina terap\u00e9utica con base cient\u00edfica que utiliza la m\u00fasica y el sonido para favorecer el bienestar emocional, cognitivo y social.<\/span><\/p><p>En Otsardi, las sesiones est\u00e1n espec\u00edficamente dise\u00f1adas, adapt\u00e1ndose a las necesidades de cada persona para promover procesos de mejora, desarrollo y acompa\u00f1amiento a trav\u00e9s de la m\u00fasica.<\/p>\t\t\t\t\t\t\t\t<\/div>\n\t\t\t\t<\/div>\n\t\t\t\t<div class=\"elementor-element elementor-element-d96c69d elementor-widget elementor-widget-button\" data-id=\"d96c69d\" data-element_type=\"widget\" data-e-type=\"widget\" data-widget_type=\"button.default\">\n\t\t\t\t<div class=\"elementor-widget-container\">\n\t\t\t\t\t\t\t\t\t<div class=\"elementor-button-wrapper\">\n\t\t\t\t\t<a class=\"elementor-button elementor-button-link elementor-size-sm\" href=\"https:\/\/otsardi.eus\/index.php\/inicio\/contacto\/\">\n\t\t\t\t\t\t<span class=\"elementor-button-content-wrapper\">\n\t\t\t\t\t\t\t\t\t<span class=\"elementor-button-text\">Solicita aqu\u00ed m\u00e1s informaci\u00f3n<\/span>\n\t\t\t\t\t<\/span>\n\t\t\t\t\t<\/a>\n\t\t\t\t<\/div>\n\t\t\t\t\t\t\t\t<\/div>\n\t\t\t\t<\/div>\n\t\t\t\t\t<\/div>\n\t\t<\/div>\n\t\t\t\t\t<\/div>\n\t\t<\/section>\n\t\t\t\t<\/div>\n\t\t","protected":false},"excerpt":{"rendered":"<p>Musicoterapia La musicoterapia es una disciplina terap\u00e9utica con base cient\u00edfica que utiliza la m\u00fasica y el sonido para favorecer el bienestar emocional, cognitivo y social. En Otsardi, las sesiones est\u00e1n espec\u00edficamente dise\u00f1adas, adapt\u00e1ndose a las necesidades de cada persona para promover procesos de mejora, desarrollo y acompa\u00f1amiento a trav\u00e9s de [&hellip;]<\/p>\n","protected":false},"author":1,"featured_media":0,"parent":0,"menu_order":0,"comment_status":"closed","ping_status":"closed","template":"page-templates\/template-pagebuilder-full-width.php","meta":{"footnotes":""},"class_list":["post-774","page","type-page","status-publish","hentry"],"_links":{"self":[{"href":"https:\/\/otsardi.eus\/index.php\/wp-json\/wp\/v2\/pages\/774","targetHints":{"allow":["GET"]}}],"collection":[{"href":"https:\/\/otsardi.eus\/index.php\/wp-json\/wp\/v2\/pages"}],"about":[{"href":"https:\/\/otsardi.eus\/index.php\/wp-json\/wp\/v2\/types\/page"}],"author":[{"embeddable":true,"href":"https:\/\/otsardi.eus\/index.php\/wp-json\/wp\/v2\/users\/1"}],"replies":[{"embeddable":true,"href":"https:\/\/otsardi.eus\/index.php\/wp-json\/wp\/v2\/comments?post=774"}],"version-history":[{"count":13,"href":"https:\/\/otsardi.eus\/index.php\/wp-json\/wp\/v2\/pages\/774\/revisions"}],"predecessor-version":[{"id":1045,"href":"https:\/\/otsardi.eus\/index.php\/wp-json\/wp\/v2\/pages\/774\/revisions\/1045"}],"wp:attachment":[{"href":"https:\/\/otsardi.eus\/index.php\/wp-json\/wp\/v2\/media?parent=774"}],"curies":[{"name":"wp","href":"https:\/\/api.w.org\/{rel}","templated":true}]}}