{"id":765,"date":"2026-01-14T12:00:12","date_gmt":"2026-01-14T11:00:12","guid":{"rendered":"https:\/\/otsardi.eus\/?page_id=765"},"modified":"2026-01-21T09:20:41","modified_gmt":"2026-01-21T08:20:41","slug":"lenguaje-musical","status":"publish","type":"page","link":"https:\/\/otsardi.eus\/index.php\/lenguaje-musical\/","title":{"rendered":"Lenguaje musical"},"content":{"rendered":"\t\t<div data-elementor-type=\"wp-page\" data-elementor-id=\"765\" class=\"elementor elementor-765\">\n\t\t\t\t\t\t<section class=\"elementor-section elementor-top-section elementor-element elementor-element-f8561f0 elementor-section-boxed elementor-section-height-default elementor-section-height-default\" data-id=\"f8561f0\" data-element_type=\"section\" data-e-type=\"section\">\n\t\t\t\t\t\t<div class=\"elementor-container elementor-column-gap-default\">\n\t\t\t\t\t<div class=\"elementor-column elementor-col-50 elementor-top-column elementor-element elementor-element-129907d\" data-id=\"129907d\" data-element_type=\"column\" data-e-type=\"column\">\n\t\t\t<div class=\"elementor-widget-wrap elementor-element-populated\">\n\t\t\t\t\t\t<div class=\"elementor-element elementor-element-76db685 elementor-widget elementor-widget-image\" data-id=\"76db685\" data-element_type=\"widget\" data-e-type=\"widget\" data-widget_type=\"image.default\">\n\t\t\t\t<div class=\"elementor-widget-container\">\n\t\t\t\t\t\t\t\t\t\t\t\t\t\t\t<img fetchpriority=\"high\" decoding=\"async\" width=\"750\" height=\"563\" src=\"https:\/\/otsardi.eus\/wp-content\/uploads\/2021\/08\/IMG_0245-1024x768.jpg\" class=\"attachment-large size-large wp-image-67\" alt=\"\" srcset=\"https:\/\/otsardi.eus\/wp-content\/uploads\/2021\/08\/IMG_0245-1024x768.jpg 1024w, https:\/\/otsardi.eus\/wp-content\/uploads\/2021\/08\/IMG_0245-300x225.jpg 300w, https:\/\/otsardi.eus\/wp-content\/uploads\/2021\/08\/IMG_0245-768x576.jpg 768w\" sizes=\"(max-width: 750px) 100vw, 750px\" \/>\t\t\t\t\t\t\t\t\t\t\t\t\t\t\t<\/div>\n\t\t\t\t<\/div>\n\t\t\t\t\t<\/div>\n\t\t<\/div>\n\t\t\t\t<div class=\"elementor-column elementor-col-50 elementor-top-column elementor-element elementor-element-3bb5494\" data-id=\"3bb5494\" data-element_type=\"column\" data-e-type=\"column\">\n\t\t\t<div class=\"elementor-widget-wrap elementor-element-populated\">\n\t\t\t\t\t\t<div class=\"elementor-element elementor-element-605c684 elementor-widget elementor-widget-text-editor\" data-id=\"605c684\" data-element_type=\"widget\" data-e-type=\"widget\" data-widget_type=\"text-editor.default\">\n\t\t\t\t<div class=\"elementor-widget-container\">\n\t\t\t\t\t\t\t\t\t<h1>Lenguaje musical<\/h1>\t\t\t\t\t\t\t\t<\/div>\n\t\t\t\t<\/div>\n\t\t\t\t<div class=\"elementor-element elementor-element-d4b9e96 elementor-widget__width-initial elementor-widget elementor-widget-text-editor\" data-id=\"d4b9e96\" data-element_type=\"widget\" data-e-type=\"widget\" data-widget_type=\"text-editor.default\">\n\t\t\t\t<div class=\"elementor-widget-container\">\n\t\t\t\t\t\t\t\t\t<p><\/p><p>El lenguaje musical es la base para entender y disfrutar la m\u00fasica.\u00a0<\/p><p>A trav\u00e9s del juego, el ritmo y la escucha, los ni\u00f1os desarrollan atenci\u00f3n, coordinaci\u00f3n y creatividad mientras se divierten.<br data-start=\"303\" data-end=\"306\" data-is-only-node=\"\" \/>En nuestro centro aprenden m\u00fasica de forma natural, despertando su sensibilidad y amor por el arte desde peque\u00f1os.<\/p><p><\/p><p><\/p><p><\/p><p><\/p><p><\/p>\t\t\t\t\t\t\t\t<\/div>\n\t\t\t\t<\/div>\n\t\t\t\t<div class=\"elementor-element elementor-element-2f42b7e elementor-widget elementor-widget-spacer\" data-id=\"2f42b7e\" data-element_type=\"widget\" data-e-type=\"widget\" data-widget_type=\"spacer.default\">\n\t\t\t\t<div class=\"elementor-widget-container\">\n\t\t\t\t\t\t\t<div class=\"elementor-spacer\">\n\t\t\t<div class=\"elementor-spacer-inner\"><\/div>\n\t\t<\/div>\n\t\t\t\t\t\t<\/div>\n\t\t\t\t<\/div>\n\t\t\t\t<div class=\"elementor-element elementor-element-f9a5d9a elementor-widget elementor-widget-button\" data-id=\"f9a5d9a\" data-element_type=\"widget\" data-e-type=\"widget\" data-widget_type=\"button.default\">\n\t\t\t\t<div class=\"elementor-widget-container\">\n\t\t\t\t\t\t\t\t\t<div class=\"elementor-button-wrapper\">\n\t\t\t\t\t<a class=\"elementor-button elementor-button-link elementor-size-sm\" href=\"https:\/\/otsardi.eus\/index.php\/inicio\/contacto\/\">\n\t\t\t\t\t\t<span class=\"elementor-button-content-wrapper\">\n\t\t\t\t\t\t\t\t\t<span class=\"elementor-button-text\">Solicita aqu\u00ed m\u00e1s informaci\u00f3n<\/span>\n\t\t\t\t\t<\/span>\n\t\t\t\t\t<\/a>\n\t\t\t\t<\/div>\n\t\t\t\t\t\t\t\t<\/div>\n\t\t\t\t<\/div>\n\t\t\t\t\t<\/div>\n\t\t<\/div>\n\t\t\t\t\t<\/div>\n\t\t<\/section>\n\t\t\t\t<\/div>\n\t\t","protected":false},"excerpt":{"rendered":"<p>Lenguaje musical El lenguaje musical es la base para entender y disfrutar la m\u00fasica.\u00a0 A trav\u00e9s del juego, el ritmo y la escucha, los ni\u00f1os desarrollan atenci\u00f3n, coordinaci\u00f3n y creatividad mientras se divierten.En nuestro centro aprenden m\u00fasica de forma natural, despertando su sensibilidad y amor por el arte desde peque\u00f1os. [&hellip;]<\/p>\n","protected":false},"author":1,"featured_media":0,"parent":0,"menu_order":0,"comment_status":"closed","ping_status":"closed","template":"page-templates\/template-pagebuilder-full-width.php","meta":{"footnotes":""},"class_list":["post-765","page","type-page","status-publish","hentry"],"_links":{"self":[{"href":"https:\/\/otsardi.eus\/index.php\/wp-json\/wp\/v2\/pages\/765","targetHints":{"allow":["GET"]}}],"collection":[{"href":"https:\/\/otsardi.eus\/index.php\/wp-json\/wp\/v2\/pages"}],"about":[{"href":"https:\/\/otsardi.eus\/index.php\/wp-json\/wp\/v2\/types\/page"}],"author":[{"embeddable":true,"href":"https:\/\/otsardi.eus\/index.php\/wp-json\/wp\/v2\/users\/1"}],"replies":[{"embeddable":true,"href":"https:\/\/otsardi.eus\/index.php\/wp-json\/wp\/v2\/comments?post=765"}],"version-history":[{"count":7,"href":"https:\/\/otsardi.eus\/index.php\/wp-json\/wp\/v2\/pages\/765\/revisions"}],"predecessor-version":[{"id":818,"href":"https:\/\/otsardi.eus\/index.php\/wp-json\/wp\/v2\/pages\/765\/revisions\/818"}],"wp:attachment":[{"href":"https:\/\/otsardi.eus\/index.php\/wp-json\/wp\/v2\/media?parent=765"}],"curies":[{"name":"wp","href":"https:\/\/api.w.org\/{rel}","templated":true}]}}