{"id":757,"date":"2026-01-14T11:48:04","date_gmt":"2026-01-14T10:48:04","guid":{"rendered":"https:\/\/otsardi.eus\/?page_id=757"},"modified":"2026-02-10T10:25:21","modified_gmt":"2026-02-10T09:25:21","slug":"piano","status":"publish","type":"page","link":"https:\/\/otsardi.eus\/index.php\/piano\/","title":{"rendered":"Piano"},"content":{"rendered":"\t\t<div data-elementor-type=\"wp-page\" data-elementor-id=\"757\" class=\"elementor elementor-757\">\n\t\t\t\t\t\t<section class=\"elementor-section elementor-top-section elementor-element elementor-element-f1ec4e3 elementor-section-boxed elementor-section-height-default elementor-section-height-default\" data-id=\"f1ec4e3\" data-element_type=\"section\" data-e-type=\"section\">\n\t\t\t\t\t\t<div class=\"elementor-container elementor-column-gap-default\">\n\t\t\t\t\t<div class=\"elementor-column elementor-col-50 elementor-top-column elementor-element elementor-element-d516844\" data-id=\"d516844\" data-element_type=\"column\" data-e-type=\"column\">\n\t\t\t<div class=\"elementor-widget-wrap elementor-element-populated\">\n\t\t\t\t\t\t<div class=\"elementor-element elementor-element-4d2c059 elementor-widget elementor-widget-image\" data-id=\"4d2c059\" data-element_type=\"widget\" data-e-type=\"widget\" data-widget_type=\"image.default\">\n\t\t\t\t<div class=\"elementor-widget-container\">\n\t\t\t\t\t\t\t\t\t\t\t\t\t\t\t<img fetchpriority=\"high\" decoding=\"async\" width=\"750\" height=\"563\" src=\"https:\/\/otsardi.eus\/wp-content\/uploads\/2021\/08\/IMG_0399-1024x768.jpg\" class=\"attachment-large size-large wp-image-70\" alt=\"\" srcset=\"https:\/\/otsardi.eus\/wp-content\/uploads\/2021\/08\/IMG_0399-1024x768.jpg 1024w, https:\/\/otsardi.eus\/wp-content\/uploads\/2021\/08\/IMG_0399-300x225.jpg 300w, https:\/\/otsardi.eus\/wp-content\/uploads\/2021\/08\/IMG_0399-768x576.jpg 768w\" sizes=\"(max-width: 750px) 100vw, 750px\" \/>\t\t\t\t\t\t\t\t\t\t\t\t\t\t\t<\/div>\n\t\t\t\t<\/div>\n\t\t\t\t\t<\/div>\n\t\t<\/div>\n\t\t\t\t<div class=\"elementor-column elementor-col-50 elementor-top-column elementor-element elementor-element-fa3dcff\" data-id=\"fa3dcff\" data-element_type=\"column\" data-e-type=\"column\">\n\t\t\t<div class=\"elementor-widget-wrap elementor-element-populated\">\n\t\t\t\t\t\t<div class=\"elementor-element elementor-element-f89f344 elementor-widget elementor-widget-text-editor\" data-id=\"f89f344\" data-element_type=\"widget\" data-e-type=\"widget\" data-widget_type=\"text-editor.default\">\n\t\t\t\t<div class=\"elementor-widget-container\">\n\t\t\t\t\t\t\t\t\t<h1>Clases de piano\u00a0<\/h1><h1>(+8 a\u00f1os)<\/h1>\t\t\t\t\t\t\t\t<\/div>\n\t\t\t\t<\/div>\n\t\t\t\t<div class=\"elementor-element elementor-element-6e82ac1 elementor-widget elementor-widget-text-editor\" data-id=\"6e82ac1\" data-element_type=\"widget\" data-e-type=\"widget\" data-widget_type=\"text-editor.default\">\n\t\t\t\t<div class=\"elementor-widget-container\">\n\t\t\t\t\t\t\t\t\t<p>Dirigida a ni\u00f1os y ni\u00f1as mayores de 8 a\u00f1os y tambi\u00e9n a adultos. A partir de los 8 a\u00f1os, los ni\u00f1os y ni\u00f1as est\u00e1n listos y su o\u00eddo preparado para recibir una orientaci\u00f3n instrumental. Esta actitud mantiene vivo el impulso interior y contribuye a la expansi\u00f3n de la musicalidad, haciendo que los progresos instrumentales tengan su origen en la propia m\u00fasica, vivida, sentida y pensada \u00abdesde dentro\u00bb.&nbsp;<span style=\"font-size: inherit;\">No importa si partes de cero o si lo dejaste hace a\u00f1os: en Otsardi te acompa\u00f1amos paso a paso para que disfrutes de la m\u00fasica, a tu ritmo.&nbsp;<\/span><span style=\"font-size: inherit;\">Empieza hoy y descubre todo lo que puedes expresar con un piano.<\/span><\/p>\t\t\t\t\t\t\t\t<\/div>\n\t\t\t\t<\/div>\n\t\t\t\t<div class=\"elementor-element elementor-element-d3823b7 elementor-widget elementor-widget-button\" data-id=\"d3823b7\" data-element_type=\"widget\" data-e-type=\"widget\" data-widget_type=\"button.default\">\n\t\t\t\t<div class=\"elementor-widget-container\">\n\t\t\t\t\t\t\t\t\t<div class=\"elementor-button-wrapper\">\n\t\t\t\t\t<a class=\"elementor-button elementor-button-link elementor-size-sm\" href=\"https:\/\/otsardi.eus\/index.php\/inicio\/contacto\/\">\n\t\t\t\t\t\t<span class=\"elementor-button-content-wrapper\">\n\t\t\t\t\t\t\t\t\t<span class=\"elementor-button-text\">Solicita aqu\u00ed m\u00e1s informaci\u00f3n<\/span>\n\t\t\t\t\t<\/span>\n\t\t\t\t\t<\/a>\n\t\t\t\t<\/div>\n\t\t\t\t\t\t\t\t<\/div>\n\t\t\t\t<\/div>\n\t\t\t\t\t<\/div>\n\t\t<\/div>\n\t\t\t\t\t<\/div>\n\t\t<\/section>\n\t\t\t\t<\/div>\n\t\t","protected":false},"excerpt":{"rendered":"<p>Clases de piano\u00a0 (+8 a\u00f1os) Dirigida a ni\u00f1os y ni\u00f1as mayores de 8 a\u00f1os y tambi\u00e9n a adultos. A partir de los 8 a\u00f1os, los ni\u00f1os y ni\u00f1as est\u00e1n listos y su o\u00eddo preparado para recibir una orientaci\u00f3n instrumental. Esta actitud mantiene vivo el impulso interior y contribuye a la [&hellip;]<\/p>\n","protected":false},"author":1,"featured_media":0,"parent":0,"menu_order":0,"comment_status":"closed","ping_status":"closed","template":"page-templates\/template-pagebuilder-full-width.php","meta":{"footnotes":""},"class_list":["post-757","page","type-page","status-publish","hentry"],"_links":{"self":[{"href":"https:\/\/otsardi.eus\/index.php\/wp-json\/wp\/v2\/pages\/757","targetHints":{"allow":["GET"]}}],"collection":[{"href":"https:\/\/otsardi.eus\/index.php\/wp-json\/wp\/v2\/pages"}],"about":[{"href":"https:\/\/otsardi.eus\/index.php\/wp-json\/wp\/v2\/types\/page"}],"author":[{"embeddable":true,"href":"https:\/\/otsardi.eus\/index.php\/wp-json\/wp\/v2\/users\/1"}],"replies":[{"embeddable":true,"href":"https:\/\/otsardi.eus\/index.php\/wp-json\/wp\/v2\/comments?post=757"}],"version-history":[{"count":16,"href":"https:\/\/otsardi.eus\/index.php\/wp-json\/wp\/v2\/pages\/757\/revisions"}],"predecessor-version":[{"id":1048,"href":"https:\/\/otsardi.eus\/index.php\/wp-json\/wp\/v2\/pages\/757\/revisions\/1048"}],"wp:attachment":[{"href":"https:\/\/otsardi.eus\/index.php\/wp-json\/wp\/v2\/media?parent=757"}],"curies":[{"name":"wp","href":"https:\/\/api.w.org\/{rel}","templated":true}]}}