{"id":751,"date":"2026-01-14T11:34:11","date_gmt":"2026-01-14T10:34:11","guid":{"rendered":"https:\/\/otsardi.eus\/?page_id=751"},"modified":"2026-02-12T11:28:48","modified_gmt":"2026-02-12T10:28:48","slug":"musica-y-movimiento","status":"publish","type":"page","link":"https:\/\/otsardi.eus\/index.php\/musica-y-movimiento\/","title":{"rendered":"M\u00fasica y movimiento"},"content":{"rendered":"\t\t<div data-elementor-type=\"wp-page\" data-elementor-id=\"751\" class=\"elementor elementor-751\">\n\t\t\t\t\t\t<section class=\"elementor-section elementor-top-section elementor-element elementor-element-af9a85b elementor-section-boxed elementor-section-height-default elementor-section-height-default\" data-id=\"af9a85b\" data-element_type=\"section\" data-e-type=\"section\">\n\t\t\t\t\t\t<div class=\"elementor-container elementor-column-gap-default\">\n\t\t\t\t\t<div class=\"elementor-column elementor-col-50 elementor-top-column elementor-element elementor-element-acfbec8\" data-id=\"acfbec8\" data-element_type=\"column\" data-e-type=\"column\">\n\t\t\t<div class=\"elementor-widget-wrap elementor-element-populated\">\n\t\t\t\t\t\t<div class=\"elementor-element elementor-element-2220cc0 elementor-widget elementor-widget-image\" data-id=\"2220cc0\" data-element_type=\"widget\" data-e-type=\"widget\" data-widget_type=\"image.default\">\n\t\t\t\t<div class=\"elementor-widget-container\">\n\t\t\t\t\t\t\t\t\t\t\t\t\t\t\t<img fetchpriority=\"high\" decoding=\"async\" width=\"750\" height=\"563\" src=\"https:\/\/otsardi.eus\/wp-content\/uploads\/2022\/09\/otsardi-agurain-1-1024x768.jpeg\" class=\"attachment-large size-large wp-image-606\" alt=\"\" srcset=\"https:\/\/otsardi.eus\/wp-content\/uploads\/2022\/09\/otsardi-agurain-1-1024x768.jpeg 1024w, https:\/\/otsardi.eus\/wp-content\/uploads\/2022\/09\/otsardi-agurain-1-300x225.jpeg 300w, https:\/\/otsardi.eus\/wp-content\/uploads\/2022\/09\/otsardi-agurain-1-768x576.jpeg 768w, https:\/\/otsardi.eus\/wp-content\/uploads\/2022\/09\/otsardi-agurain-1.jpeg 2040w\" sizes=\"(max-width: 750px) 100vw, 750px\" \/>\t\t\t\t\t\t\t\t\t\t\t\t\t\t\t<\/div>\n\t\t\t\t<\/div>\n\t\t\t\t\t<\/div>\n\t\t<\/div>\n\t\t\t\t<div class=\"elementor-column elementor-col-50 elementor-top-column elementor-element elementor-element-869c82e\" data-id=\"869c82e\" data-element_type=\"column\" data-e-type=\"column\">\n\t\t\t<div class=\"elementor-widget-wrap elementor-element-populated\">\n\t\t\t\t\t\t<div class=\"elementor-element elementor-element-91dd02b elementor-widget elementor-widget-text-editor\" data-id=\"91dd02b\" data-element_type=\"widget\" data-e-type=\"widget\" data-widget_type=\"text-editor.default\">\n\t\t\t\t<div class=\"elementor-widget-container\">\n\t\t\t\t\t\t\t\t\t<h1>M\u00fasica y movimiento\u00a0<\/h1><h1>(3-7 a\u00f1os)<\/h1>\t\t\t\t\t\t\t\t<\/div>\n\t\t\t\t<\/div>\n\t\t\t\t<div class=\"elementor-element elementor-element-0f6c9f4 elementor-widget elementor-widget-text-editor\" data-id=\"0f6c9f4\" data-element_type=\"widget\" data-e-type=\"widget\" data-widget_type=\"text-editor.default\">\n\t\t\t\t<div class=\"elementor-widget-container\">\n\t\t\t\t\t\t\t\t\t<p>Dirigida a ni\u00f1os y ni\u00f1as de 3 a 7 a\u00f1os es un acercamiento a la m\u00fasica y a la expresi\u00f3n corporal durante el desarrollo infantil, con un sistema pedag\u00f3gico que trata de hacer m\u00e1s humana y l\u00fadica la educaci\u00f3n musical. En estas clases, se trabajara la m\u00fasica y la expresi\u00f3n corporal de una manera l\u00fadica dentro del desarrollo del ni\u00f1o\/a. Se pretende desarrollar todas las capacidades expresivas, musicales, motrices y creativas de los ni\u00f1os\/as.<\/p>\t\t\t\t\t\t\t\t<\/div>\n\t\t\t\t<\/div>\n\t\t\t\t<div class=\"elementor-element elementor-element-1acfb89 elementor-widget elementor-widget-button\" data-id=\"1acfb89\" data-element_type=\"widget\" data-e-type=\"widget\" data-widget_type=\"button.default\">\n\t\t\t\t<div class=\"elementor-widget-container\">\n\t\t\t\t\t\t\t\t\t<div class=\"elementor-button-wrapper\">\n\t\t\t\t\t<a class=\"elementor-button elementor-button-link elementor-size-sm\" href=\"https:\/\/otsardi.eus\/index.php\/inicio\/contacto\/\">\n\t\t\t\t\t\t<span class=\"elementor-button-content-wrapper\">\n\t\t\t\t\t\t\t\t\t<span class=\"elementor-button-text\">Solicita aqu\u00ed m\u00e1s informaci\u00f3n<\/span>\n\t\t\t\t\t<\/span>\n\t\t\t\t\t<\/a>\n\t\t\t\t<\/div>\n\t\t\t\t\t\t\t\t<\/div>\n\t\t\t\t<\/div>\n\t\t\t\t\t<\/div>\n\t\t<\/div>\n\t\t\t\t\t<\/div>\n\t\t<\/section>\n\t\t\t\t<\/div>\n\t\t","protected":false},"excerpt":{"rendered":"<p>M\u00fasica y movimiento\u00a0 (3-7 a\u00f1os) Dirigida a ni\u00f1os y ni\u00f1as de 3 a 7 a\u00f1os es un acercamiento a la m\u00fasica y a la expresi\u00f3n corporal durante el desarrollo infantil, con un sistema pedag\u00f3gico que trata de hacer m\u00e1s humana y l\u00fadica la educaci\u00f3n musical. En estas clases, se trabajara [&hellip;]<\/p>\n","protected":false},"author":1,"featured_media":0,"parent":0,"menu_order":0,"comment_status":"closed","ping_status":"closed","template":"page-templates\/template-pagebuilder-full-width.php","meta":{"footnotes":""},"class_list":["post-751","page","type-page","status-publish","hentry"],"_links":{"self":[{"href":"https:\/\/otsardi.eus\/index.php\/wp-json\/wp\/v2\/pages\/751","targetHints":{"allow":["GET"]}}],"collection":[{"href":"https:\/\/otsardi.eus\/index.php\/wp-json\/wp\/v2\/pages"}],"about":[{"href":"https:\/\/otsardi.eus\/index.php\/wp-json\/wp\/v2\/types\/page"}],"author":[{"embeddable":true,"href":"https:\/\/otsardi.eus\/index.php\/wp-json\/wp\/v2\/users\/1"}],"replies":[{"embeddable":true,"href":"https:\/\/otsardi.eus\/index.php\/wp-json\/wp\/v2\/comments?post=751"}],"version-history":[{"count":17,"href":"https:\/\/otsardi.eus\/index.php\/wp-json\/wp\/v2\/pages\/751\/revisions"}],"predecessor-version":[{"id":1189,"href":"https:\/\/otsardi.eus\/index.php\/wp-json\/wp\/v2\/pages\/751\/revisions\/1189"}],"wp:attachment":[{"href":"https:\/\/otsardi.eus\/index.php\/wp-json\/wp\/v2\/media?parent=751"}],"curies":[{"name":"wp","href":"https:\/\/api.w.org\/{rel}","templated":true}]}}