{"id":707,"date":"2026-01-14T09:51:53","date_gmt":"2026-01-14T08:51:53","guid":{"rendered":"https:\/\/otsardi.eus\/?page_id=707"},"modified":"2026-01-21T09:23:13","modified_gmt":"2026-01-21T08:23:13","slug":"pili-martin-2","status":"publish","type":"page","link":"https:\/\/otsardi.eus\/index.php\/pili-martin-2\/","title":{"rendered":"Pili Martin"},"content":{"rendered":"\t\t<div data-elementor-type=\"wp-page\" data-elementor-id=\"707\" class=\"elementor elementor-707\">\n\t\t\t\t\t\t<section class=\"elementor-section elementor-top-section elementor-element elementor-element-8287523 elementor-section-boxed elementor-section-height-default elementor-section-height-default\" data-id=\"8287523\" data-element_type=\"section\" data-e-type=\"section\">\n\t\t\t\t\t\t<div class=\"elementor-container elementor-column-gap-default\">\n\t\t\t\t\t<div class=\"elementor-column elementor-col-100 elementor-top-column elementor-element elementor-element-3b7583d\" data-id=\"3b7583d\" data-element_type=\"column\" data-e-type=\"column\">\n\t\t\t<div class=\"elementor-widget-wrap elementor-element-populated\">\n\t\t\t\t\t\t<section class=\"elementor-section elementor-inner-section elementor-element elementor-element-9c72bc2 elementor-section-boxed elementor-section-height-default elementor-section-height-default\" data-id=\"9c72bc2\" data-element_type=\"section\" data-e-type=\"section\">\n\t\t\t\t\t\t<div class=\"elementor-container elementor-column-gap-default\">\n\t\t\t\t\t<div class=\"elementor-column elementor-col-50 elementor-inner-column elementor-element elementor-element-26f53a1\" data-id=\"26f53a1\" data-element_type=\"column\" data-e-type=\"column\">\n\t\t\t<div class=\"elementor-widget-wrap elementor-element-populated\">\n\t\t\t\t\t\t<div class=\"elementor-element elementor-element-205971c elementor-widget elementor-widget-image\" data-id=\"205971c\" data-element_type=\"widget\" data-e-type=\"widget\" data-widget_type=\"image.default\">\n\t\t\t\t<div class=\"elementor-widget-container\">\n\t\t\t\t\t\t\t\t\t\t\t\t\t\t\t<img fetchpriority=\"high\" decoding=\"async\" width=\"225\" height=\"300\" src=\"https:\/\/otsardi.eus\/wp-content\/uploads\/2021\/11\/IMG_6553-225x300.jpg\" class=\"attachment-medium size-medium wp-image-419\" alt=\"\" srcset=\"https:\/\/otsardi.eus\/wp-content\/uploads\/2021\/11\/IMG_6553-225x300.jpg 225w, https:\/\/otsardi.eus\/wp-content\/uploads\/2021\/11\/IMG_6553-768x1024.jpg 768w, https:\/\/otsardi.eus\/wp-content\/uploads\/2021\/11\/IMG_6553-scaled.jpg 1920w\" sizes=\"(max-width: 225px) 100vw, 225px\" \/>\t\t\t\t\t\t\t\t\t\t\t\t\t\t\t<\/div>\n\t\t\t\t<\/div>\n\t\t\t\t\t<\/div>\n\t\t<\/div>\n\t\t\t\t<div class=\"elementor-column elementor-col-50 elementor-inner-column elementor-element elementor-element-8dd50e0\" data-id=\"8dd50e0\" data-element_type=\"column\" data-e-type=\"column\">\n\t\t\t<div class=\"elementor-widget-wrap elementor-element-populated\">\n\t\t\t\t\t\t<div class=\"elementor-element elementor-element-e60338d elementor-widget elementor-widget-text-editor\" data-id=\"e60338d\" data-element_type=\"widget\" data-e-type=\"widget\" data-widget_type=\"text-editor.default\">\n\t\t\t\t<div class=\"elementor-widget-container\">\n\t\t\t\t\t\t\t\t\t<h2>Pili Martin<\/h2><p><span style=\"font-size: inherit;\">Desde peque\u00f1ita la m\u00fasica ha estado dentro de mi vida, la estudi\u00e9 y me form\u00e9, pero por diferentes circunstancias, la vida me llev\u00f3 hacia otros destinos.\u00a0<\/span><\/p><p>Un d\u00eda me la encontr\u00e9 y esta vez no la he dejado escapar:\u00a0 me met\u00ed en ella y me ha sacado lo m\u00e1s bonito de m\u00ed.\u00a0<\/p><p>Ahora, en esta nueva andadura que es Otsardi, realmente puedo hacer lo que me hace feliz y quiero compartirlo con todo el mundo.<\/p><h2><\/h2>\t\t\t\t\t\t\t\t<\/div>\n\t\t\t\t<\/div>\n\t\t\t\t<div class=\"elementor-element elementor-element-4ebe5a5 elementor-widget elementor-widget-button\" data-id=\"4ebe5a5\" data-element_type=\"widget\" data-e-type=\"widget\" data-widget_type=\"button.default\">\n\t\t\t\t<div class=\"elementor-widget-container\">\n\t\t\t\t\t\t\t\t\t<div class=\"elementor-button-wrapper\">\n\t\t\t\t\t<a class=\"elementor-button elementor-button-link elementor-size-sm\" href=\"https:\/\/www.eitb.eus\/es\/radio\/radio-vitoria\/programas\/herrian\/detalle\/8535475\/otsardi-musika-eskola-nueva-iniciativa-para-fomenta-experiencia-musical-en-agurain\/\">\n\t\t\t\t\t\t<span class=\"elementor-button-content-wrapper\">\n\t\t\t\t\t\t\t\t\t<span class=\"elementor-button-text\">Escucha aqu\u00ed mi entrevista en EITB<\/span>\n\t\t\t\t\t<\/span>\n\t\t\t\t\t<\/a>\n\t\t\t\t<\/div>\n\t\t\t\t\t\t\t\t<\/div>\n\t\t\t\t<\/div>\n\t\t\t\t<div class=\"elementor-element elementor-element-9f17431 elementor-widget__width-auto elementor-absolute elementor-view-default elementor-widget elementor-widget-icon\" data-id=\"9f17431\" data-element_type=\"widget\" data-e-type=\"widget\" data-settings=\"{&quot;_position&quot;:&quot;absolute&quot;}\" data-widget_type=\"icon.default\">\n\t\t\t\t<div class=\"elementor-widget-container\">\n\t\t\t\t\t\t\t<div class=\"elementor-icon-wrapper\">\n\t\t\t<a class=\"elementor-icon\" href=\"https:\/\/www.eitb.eus\/es\/radio\/radio-vitoria\/programas\/herrian\/detalle\/8535475\/otsardi-musika-eskola-nueva-iniciativa-para-fomenta-experiencia-musical-en-agurain\/\">\n\t\t\t<i aria-hidden=\"true\" class=\"fas fa-microphone\"><\/i>\t\t\t<\/a>\n\t\t<\/div>\n\t\t\t\t\t\t<\/div>\n\t\t\t\t<\/div>\n\t\t\t\t\t<\/div>\n\t\t<\/div>\n\t\t\t\t\t<\/div>\n\t\t<\/section>\n\t\t\t\t\t<\/div>\n\t\t<\/div>\n\t\t\t\t\t<\/div>\n\t\t<\/section>\n\t\t\t\t<section class=\"elementor-section elementor-top-section elementor-element elementor-element-0639a2d elementor-section-boxed elementor-section-height-default elementor-section-height-default\" data-id=\"0639a2d\" data-element_type=\"section\" data-e-type=\"section\" data-settings=\"{&quot;background_background&quot;:&quot;gradient&quot;}\">\n\t\t\t\t\t\t<div class=\"elementor-container elementor-column-gap-default\">\n\t\t\t\t\t<div class=\"elementor-column elementor-col-100 elementor-top-column elementor-element elementor-element-25d415e\" data-id=\"25d415e\" data-element_type=\"column\" data-e-type=\"column\">\n\t\t\t<div class=\"elementor-widget-wrap elementor-element-populated\">\n\t\t\t\t\t\t<div class=\"elementor-element elementor-element-a627877 elementor-widget elementor-widget-text-editor\" data-id=\"a627877\" data-element_type=\"widget\" data-e-type=\"widget\" data-widget_type=\"text-editor.default\">\n\t\t\t\t<div class=\"elementor-widget-container\">\n\t\t\t\t\t\t\t\t\t<p><span style=\"font-size: 17px; text-align: center; white-space-collapse: preserve;\"><i>La m\u00fasica es m\u00e1s que un simple placer auditivo, es un poderoso aliado para nuestra salud mental. Enciende tu m\u00fasica y deja que tu mente baile.<\/i><\/span><\/p>\t\t\t\t\t\t\t\t<\/div>\n\t\t\t\t<\/div>\n\t\t\t\t\t<\/div>\n\t\t<\/div>\n\t\t\t\t\t<\/div>\n\t\t<\/section>\n\t\t\t\t<\/div>\n\t\t","protected":false},"excerpt":{"rendered":"<p>Pili Martin Desde peque\u00f1ita la m\u00fasica ha estado dentro de mi vida, la estudi\u00e9 y me form\u00e9, pero por diferentes circunstancias, la vida me llev\u00f3 hacia otros destinos.\u00a0 Un d\u00eda me la encontr\u00e9 y esta vez no la he dejado escapar:\u00a0 me met\u00ed en ella y me ha sacado lo [&hellip;]<\/p>\n","protected":false},"author":1,"featured_media":0,"parent":0,"menu_order":0,"comment_status":"closed","ping_status":"closed","template":"page-templates\/template-pagebuilder-full-width.php","meta":{"footnotes":""},"class_list":["post-707","page","type-page","status-publish","hentry"],"_links":{"self":[{"href":"https:\/\/otsardi.eus\/index.php\/wp-json\/wp\/v2\/pages\/707","targetHints":{"allow":["GET"]}}],"collection":[{"href":"https:\/\/otsardi.eus\/index.php\/wp-json\/wp\/v2\/pages"}],"about":[{"href":"https:\/\/otsardi.eus\/index.php\/wp-json\/wp\/v2\/types\/page"}],"author":[{"embeddable":true,"href":"https:\/\/otsardi.eus\/index.php\/wp-json\/wp\/v2\/users\/1"}],"replies":[{"embeddable":true,"href":"https:\/\/otsardi.eus\/index.php\/wp-json\/wp\/v2\/comments?post=707"}],"version-history":[{"count":15,"href":"https:\/\/otsardi.eus\/index.php\/wp-json\/wp\/v2\/pages\/707\/revisions"}],"predecessor-version":[{"id":838,"href":"https:\/\/otsardi.eus\/index.php\/wp-json\/wp\/v2\/pages\/707\/revisions\/838"}],"wp:attachment":[{"href":"https:\/\/otsardi.eus\/index.php\/wp-json\/wp\/v2\/media?parent=707"}],"curies":[{"name":"wp","href":"https:\/\/api.w.org\/{rel}","templated":true}]}}