{"id":1279,"date":"2026-02-19T09:24:17","date_gmt":"2026-02-19T08:24:17","guid":{"rendered":"https:\/\/otsardi.eus\/?page_id=1279"},"modified":"2026-02-19T09:24:17","modified_gmt":"2026-02-19T08:24:17","slug":"pribatutasun-politika","status":"publish","type":"page","link":"https:\/\/otsardi.eus\/index.php\/eu\/pribatutasun-politika\/","title":{"rendered":"Pribatutasun Politika"},"content":{"rendered":"\n<p>Responsable del tratamiento<br>Responsable: OTSARDI MUSIKA ESKOLA ETA MUSIKOTERAPIA<br>Domicilio: Eras de San Juan Kalea, 1 \u2013 01200 Agurain (\u00c1lava)<br>Email: info@admin4285<\/p>\n\n\n\n<p>Datos personales que se recogen<br>A trav\u00e9s de la web se podr\u00e1n recoger:<\/p>\n\n\n\n<ol class=\"wp-block-list\"><\/ol>\n\n\n\n<ul class=\"wp-block-list\">\n<li>Nombre y apellidos<\/li>\n\n\n\n<li>Tel\u00e9fono<\/li>\n\n\n\n<li>Direcci\u00f3n de correo electr\u00f3nico<\/li>\n\n\n\n<li>Datos acad\u00e9micos del alumno<\/li>\n\n\n\n<li>Datos bancarios (si procede en inscripciones)<\/li>\n\n\n\n<li>Informaci\u00f3n de menores (con consentimiento del tutor legal)<\/li>\n\n\n\n<li>Datos de salud relacionados con procesos de musicoterapia<\/li>\n\n\n\n<li>Im\u00e1genes y v\u00eddeos (previo consentimiento expreso)<\/li>\n<\/ul>\n\n\n\n<p>Finalidades del tratamiento<br>Los datos ser\u00e1n tratados para:<\/p>\n\n\n\n<ol class=\"wp-block-list\">\n<li>Gestionar solicitudes de informaci\u00f3n.<\/li>\n\n\n\n<li>Tramitar inscripciones a cursos.<\/li>\n\n\n\n<li>Gestionar la relaci\u00f3n contractual.<\/li>\n\n\n\n<li>Facturaci\u00f3n y obligaciones fiscales.<\/li>\n\n\n\n<li>Env\u00edo de comunicaciones informativas (si hay consentimiento).<\/li>\n\n\n\n<li>Publicaci\u00f3n de im\u00e1genes promocionales (con autorizaci\u00f3n).<\/li>\n\n\n\n<li>Prestaci\u00f3n de servicios de musicoterapia.<\/li>\n\n\n\n<li>Legitimaci\u00f3n<br>La base legal ser\u00e1:<\/li>\n<\/ol>\n\n\n\n<ul class=\"wp-block-list\">\n<li>Ejecuci\u00f3n de contrato.<\/li>\n\n\n\n<li>Consentimiento expreso.<\/li>\n\n\n\n<li>Cumplimiento de obligaci\u00f3n legal.<\/li>\n\n\n\n<li>Inter\u00e9s leg\u00edtimo (mejora del servicio).<br>En caso de datos de menores o datos de salud, se requerir\u00e1 consentimiento expl\u00edcito.<\/li>\n<\/ul>\n\n\n\n<p>Conservaci\u00f3n de datos<\/p>\n\n\n\n<ol class=\"wp-block-list\"><\/ol>\n\n\n\n<ul class=\"wp-block-list\">\n<li>Datos de contacto: mientras dure la relaci\u00f3n o hasta revocaci\u00f3n.<\/li>\n\n\n\n<li>Datos fiscales: 6 a\u00f1os (C\u00f3digo de Comercio).<\/li>\n\n\n\n<li>Datos de salud: mientras dure el tratamiento terap\u00e9utico.<\/li>\n\n\n\n<li>Im\u00e1genes: hasta revocaci\u00f3n del consentimiento.<\/li>\n<\/ul>\n\n\n\n<p>Destinatarios<br>No se ceder\u00e1n datos a terceros salvo:<\/p>\n\n\n\n<ol class=\"wp-block-list\"><\/ol>\n\n\n\n<ul class=\"wp-block-list\">\n<li>Obligaci\u00f3n legal.<\/li>\n\n\n\n<li>Encargados del tratamiento (hosting, gestor\u00eda, plataformas educativas).<\/li>\n\n\n\n<li>Entidades bancarias para pagos.<br>Todos los encargados firman contrato conforme al art\u00edculo 28 RGPD.<\/li>\n<\/ul>\n\n\n\n<p>Derechos del interesado<br>Puede ejercer:<\/p>\n\n\n\n<ol class=\"wp-block-list\"><\/ol>\n\n\n\n<ul class=\"wp-block-list\">\n<li>Acceso<\/li>\n\n\n\n<li>Rectificaci\u00f3n<\/li>\n\n\n\n<li>Supresi\u00f3n<\/li>\n\n\n\n<li>Oposici\u00f3n<\/li>\n\n\n\n<li>Limitaci\u00f3n<\/li>\n\n\n\n<li>Portabilidad<br>Enviando solicitud con copia de DNI a info@otsardi.eus.<br>Si considera que sus derechos no han sido respetados puede acudir a la<br>Agencia Espa\u00f1ola de Protecci\u00f3n de Datos (www.aepd.es)<\/li>\n<\/ul>\n\n\n\n<p>Seguridad<br>Se aplican medidas t\u00e9cnicas y organizativas apropiadas:<\/p>\n\n\n\n<ol class=\"wp-block-list\"><\/ol>\n\n\n\n<ul class=\"wp-block-list\">\n<li>Acceso restringido a datos<\/li>\n\n\n\n<li>Copias de seguridad<\/li>\n\n\n\n<li>Cifrado<\/li>\n\n\n\n<li>Protocolos HTTPS<\/li>\n\n\n\n<li>Control de acceso f\u00edsico y digital<\/li>\n<\/ul>\n","protected":false},"excerpt":{"rendered":"<p>Responsable del tratamientoResponsable: OTSARDI MUSIKA ESKOLA ETA MUSIKOTERAPIADomicilio: Eras de San Juan Kalea, 1 \u2013 01200 Agurain (\u00c1lava)Email: info@admin4285 Datos personales que se recogenA trav\u00e9s de la web se podr\u00e1n recoger: Finalidades del tratamientoLos datos ser\u00e1n tratados para: Conservaci\u00f3n de datos DestinatariosNo se ceder\u00e1n datos a terceros salvo: Derechos del [&hellip;]<\/p>\n","protected":false},"author":1,"featured_media":0,"parent":0,"menu_order":0,"comment_status":"closed","ping_status":"closed","template":"","meta":{"footnotes":""},"class_list":["post-1279","page","type-page","status-publish","hentry"],"_links":{"self":[{"href":"https:\/\/otsardi.eus\/index.php\/wp-json\/wp\/v2\/pages\/1279","targetHints":{"allow":["GET"]}}],"collection":[{"href":"https:\/\/otsardi.eus\/index.php\/wp-json\/wp\/v2\/pages"}],"about":[{"href":"https:\/\/otsardi.eus\/index.php\/wp-json\/wp\/v2\/types\/page"}],"author":[{"embeddable":true,"href":"https:\/\/otsardi.eus\/index.php\/wp-json\/wp\/v2\/users\/1"}],"replies":[{"embeddable":true,"href":"https:\/\/otsardi.eus\/index.php\/wp-json\/wp\/v2\/comments?post=1279"}],"version-history":[{"count":1,"href":"https:\/\/otsardi.eus\/index.php\/wp-json\/wp\/v2\/pages\/1279\/revisions"}],"predecessor-version":[{"id":1280,"href":"https:\/\/otsardi.eus\/index.php\/wp-json\/wp\/v2\/pages\/1279\/revisions\/1280"}],"wp:attachment":[{"href":"https:\/\/otsardi.eus\/index.php\/wp-json\/wp\/v2\/media?parent=1279"}],"curies":[{"name":"wp","href":"https:\/\/api.w.org\/{rel}","templated":true}]}}