{"id":1277,"date":"2026-02-19T09:22:15","date_gmt":"2026-02-19T08:22:15","guid":{"rendered":"https:\/\/otsardi.eus\/?page_id=1277"},"modified":"2026-02-19T09:25:10","modified_gmt":"2026-02-19T08:25:10","slug":"lege-oharra","status":"publish","type":"page","link":"https:\/\/otsardi.eus\/index.php\/eu\/lege-oharra\/","title":{"rendered":"Lege Oharra"},"content":{"rendered":"\n<p>Datos identificativos del titular<br>En cumplimiento del art\u00edculo 10 de la LSSI-CE, se informa que el presente sitio web:<br>Dominio: www.otsardi.eus<br>Titular: OTSARDI MUSIKA ESKOLA ETA MUSIKOTERAPIA<br>Actividad: Escuela de m\u00fasica, formaci\u00f3n musical y servicios de musicoterapia<br>Domicilio: Eras de San Juan Kalea, 1, 01200 Agurain (\u00c1lava), Espa\u00f1a<br>Correo electr\u00f3nico: info@otsardi.eus<br>Tel\u00e9fono: 607 37 31 03<br>El acceso y uso del sitio web atribuye la condici\u00f3n de usuario e implica la aceptaci\u00f3n plena y sin<br>reservas de todas las disposiciones incluidas en este Aviso Legal.<\/p>\n\n\n\n<p>Objeto<br>El presente sitio web tiene como finalidad ofrecer informaci\u00f3n sobre:<\/p>\n\n\n\n<ol class=\"wp-block-list\">\n<li><\/li>\n<\/ol>\n\n\n\n<ul class=\"wp-block-list\">\n<li>Servicios de formaci\u00f3n musical<\/li>\n\n\n\n<li>Clases individuales y grupales<\/li>\n\n\n\n<li>Estimulaci\u00f3n musical temprana<\/li>\n\n\n\n<li>Musicoterapia<\/li>\n\n\n\n<li>Actividades culturales<\/li>\n\n\n\n<li>Inscripciones y contacto<\/li>\n<\/ul>\n\n\n\n<p>Condiciones de uso<br>El usuario se compromete a:<\/p>\n\n\n\n<ol class=\"wp-block-list\">\n<li><\/li>\n<\/ol>\n\n\n\n<ul class=\"wp-block-list\">\n<li>Hacer un uso adecuado de los contenidos.<\/li>\n\n\n\n<li>No emplear la web para actividades il\u00edcitas.<\/li>\n\n\n\n<li>No introducir virus ni sistemas da\u00f1inos.<\/li>\n\n\n\n<li>No intentar acceder a \u00e1reas restringidas sin autorizaci\u00f3n.<br>El titular se reserva el derecho a denegar o retirar el acceso al portal sin necesidad de preaviso.<\/li>\n<\/ul>\n\n\n\n<p>Propiedad intelectual e industrial<br>Todos los contenidos (textos, fotograf\u00edas, logotipos, dise\u00f1o gr\u00e1fico, estructura, c\u00f3digo fuente,<br>v\u00eddeos, audios, material did\u00e1ctico) son propiedad del titular o dispone de licencia para su uso.<br>Queda prohibida:<\/p>\n\n\n\n<ol class=\"wp-block-list\">\n<li><\/li>\n<\/ol>\n\n\n\n<ul class=\"wp-block-list\">\n<li>La reproducci\u00f3n total o parcial.<\/li>\n\n\n\n<li>La distribuci\u00f3n o comunicaci\u00f3n p\u00fablica.<\/li>\n\n\n\n<li>La modificaci\u00f3n sin autorizaci\u00f3n expresa.<\/li>\n<\/ul>\n\n\n\n<p>Responsabilidad<br>El titular no se responsabiliza de:<\/p>\n\n\n\n<ol class=\"wp-block-list\">\n<li><\/li>\n<\/ol>\n\n\n\n<ul class=\"wp-block-list\">\n<li>Errores u omisiones en los contenidos.<\/li>\n\n\n\n<li>Falta de disponibilidad del sitio.<\/li>\n\n\n\n<li>Presencia de virus o malware.<\/li>\n\n\n\n<li>Contenidos de enlaces externos.<\/li>\n<\/ul>\n\n\n\n<p>Legislaci\u00f3n aplicable y jurisdicci\u00f3n<br>La relaci\u00f3n entre el titular y el usuario se regir\u00e1 por la legislaci\u00f3n espa\u00f1ola vigente. Cualquier<br>controversia se someter\u00e1 a los Juzgados y Tribunales de \u00c1lava<\/p>\n\n\n\n<ol class=\"wp-block-list\">\n<li><\/li>\n<\/ol>\n","protected":false},"excerpt":{"rendered":"<p>Datos identificativos del titularEn cumplimiento del art\u00edculo 10 de la LSSI-CE, se informa que el presente sitio web:Dominio: www.otsardi.eusTitular: OTSARDI MUSIKA ESKOLA ETA MUSIKOTERAPIAActividad: Escuela de m\u00fasica, formaci\u00f3n musical y servicios de musicoterapiaDomicilio: Eras de San Juan Kalea, 1, 01200 Agurain (\u00c1lava), Espa\u00f1aCorreo electr\u00f3nico: info@otsardi.eusTel\u00e9fono: 607 37 31 03El acceso [&hellip;]<\/p>\n","protected":false},"author":1,"featured_media":0,"parent":0,"menu_order":0,"comment_status":"closed","ping_status":"closed","template":"","meta":{"footnotes":""},"class_list":["post-1277","page","type-page","status-publish","hentry"],"_links":{"self":[{"href":"https:\/\/otsardi.eus\/index.php\/wp-json\/wp\/v2\/pages\/1277","targetHints":{"allow":["GET"]}}],"collection":[{"href":"https:\/\/otsardi.eus\/index.php\/wp-json\/wp\/v2\/pages"}],"about":[{"href":"https:\/\/otsardi.eus\/index.php\/wp-json\/wp\/v2\/types\/page"}],"author":[{"embeddable":true,"href":"https:\/\/otsardi.eus\/index.php\/wp-json\/wp\/v2\/users\/1"}],"replies":[{"embeddable":true,"href":"https:\/\/otsardi.eus\/index.php\/wp-json\/wp\/v2\/comments?post=1277"}],"version-history":[{"count":2,"href":"https:\/\/otsardi.eus\/index.php\/wp-json\/wp\/v2\/pages\/1277\/revisions"}],"predecessor-version":[{"id":1281,"href":"https:\/\/otsardi.eus\/index.php\/wp-json\/wp\/v2\/pages\/1277\/revisions\/1281"}],"wp:attachment":[{"href":"https:\/\/otsardi.eus\/index.php\/wp-json\/wp\/v2\/media?parent=1277"}],"curies":[{"name":"wp","href":"https:\/\/api.w.org\/{rel}","templated":true}]}}